{"id":588,"date":"2015-07-05T08:05:01","date_gmt":"2015-07-05T16:05:01","guid":{"rendered":"https:\/\/www.katrinasdream.org\/?page_id=588"},"modified":"2025-08-30T09:56:13","modified_gmt":"2025-08-30T17:56:13","slug":"rally-speakers","status":"publish","type":"page","link":"https:\/\/www.katrinasdream.org\/dreamscape\/1st-21st-century-church\/lets-pass-the-era-3\/past-event\/dc-era-blessing-walk-and-rally\/rally-speakers\/","title":{"rendered":"Rally Speakers"},"content":{"rendered":"<p><strong><br \/>\n<a href=\"https:\/\/www.katrinasdream.org\/wp-content\/uploads\/10399212_18418803678_7112_n.jpg\"><br \/>\n<\/a><a href=\"https:\/\/www.katrinasdream.org\/wp-content\/uploads\/Alli.jpg\"><img loading=\"lazy\" decoding=\"async\" class=\" size-thumbnail wp-image-666 alignleft\" src=\"https:\/\/www.katrinasdream.org\/wp-content\/uploads\/Alli-150x150.jpg\" alt=\"Alli\" width=\"150\" height=\"150\" \/><\/a>Alli McCracken<\/strong> is a National <a href=\"http:\/\/www.codepink.org\/\">CODEPINK<\/a> Coordinator based in the Washington D.C. office. \u00c2\u00a0McCracken aids political activists in engaging with the government on many different levels, helping to create petitions, start e-mail and phone initiatives and establish social justice conferences. &#8220;We are constantly challenging the dialogue on these issues,&#8221; says McCracken. &#8220;We are helping other people get engaged in meaningful ways &#8211; and it&#8217;s exciting.&#8221;<\/p>\n<p><strong><a href=\"https:\/\/www.katrinasdream.org\/wp-content\/uploads\/10504943_10154443976460082_335933929394287316_o.jpg\"><img loading=\"lazy\" decoding=\"async\" class=\" size-thumbnail wp-image-596 alignleft\" src=\"https:\/\/www.katrinasdream.org\/wp-content\/uploads\/10504943_10154443976460082_335933929394287316_o-150x150.jpg\" alt=\"10504943_10154443976460082_335933929394287316_o\" width=\"150\" height=\"150\" \/><\/a>Alaina LaTourette<\/strong> believes the inherent dignity and equal and inalienable rights of all members of the human family is the foundation of freedom, justice and peace in the world. \u00c2\u00a0She has spent much of her lifetime fighting for the freedom to live without fear, equal access to opportunity and the right to decide what happens with and to our bodies gives us control over our lives and makes us empowered. She is a co-chair of <a href=\"http:\/\/www.wearewoman.us\/\" target=\"_blank\" rel=\"noopener\"><strong>We Are Woman.<\/strong><\/a><\/p>\n<p><span class=\"Apple-style-span\"><strong><a href=\"https:\/\/www.katrinasdream.org\/wp-content\/uploads\/10399212_18418803678_7112_n.jpg\"><img loading=\"lazy\" decoding=\"async\" class=\" size-thumbnail wp-image-1004 alignleft\" src=\"https:\/\/www.katrinasdream.org\/wp-content\/uploads\/10399212_18418803678_7112_n-150x150.jpg\" alt=\"10399212_18418803678_7112_n\" width=\"150\" height=\"150\" \/><\/a>Andrea Miller, <\/strong>\u00c2\u00a0was the Democratic Nominee in 2008 for House of Representatives in the Virginia 4th District. Running on a Medicare for All and clean energy platform.\u00c2\u00a0 Andrea was a part of Congressman Dennis Kucinich\u00e2\u20ac\u2122s presidential campaign, first as Statewide Coordinator for Virginia and subsequently as Regional Coordinator. From 2006 until leading the VA Kucinich campaign Andrea was MoveOn.org\u00e2\u20ac\u2122s\u00c2\u00a0Regional Coordinator for Central, Southwest and Hampton Roads areas of Virginia and West Virginia. \u00c2\u00a0Andrea co-hosts, organizes and programs PDA&#8217;s Blog Talk Radio show.<\/span><\/p>\n<p><a href=\"https:\/\/www.katrinasdream.org\/wp-content\/uploads\/Betty-.jpg\"><img loading=\"lazy\" decoding=\"async\" class=\"alignleft size-thumbnail wp-image-597\" src=\"https:\/\/www.katrinasdream.org\/wp-content\/uploads\/Betty--150x150.jpg\" alt=\"Betty\" width=\"150\" height=\"150\" \/><\/a>The Honorable\u00c2\u00a0<strong><span class=\"il\">Betty<\/span>\u00c2\u00a0<span class=\"il\">Folliard<\/span>\u00c2\u00a0<\/strong>is a former 3-term legislator from Minnesota, executive producer of A Woman\u00e2\u20ac\u2122s Place radio program, &amp; co-owner of Strategy Partners &#8211; a business and political consulting firm. She served as Community Representative for the District Office of Congressman Keith Ellison .\u00c2\u00a0Daughter, wife, mother &amp; grandmother,\u00c2\u00a0<span class=\"il\">Betty<\/span>\u00c2\u00a0<span class=\"il\">Folliard<\/span>\u00c2\u00a0is\u00c2\u00a0Founder of <a href=\"http:\/\/www.ERAMN.org\" target=\"_blank\" rel=\"noopener\"><strong>ERA Minnesota<\/strong><\/a>, an organization dedicated to achieving constitutional equality for all women in America.<\/p>\n<p><strong><a href=\"https:\/\/www.katrinasdream.org\/wp-content\/uploads\/profile2.jpg\"><img loading=\"lazy\" decoding=\"async\" class=\" size-thumbnail wp-image-662 alignleft\" src=\"https:\/\/www.katrinasdream.org\/wp-content\/uploads\/profile2-150x150.jpg\" alt=\"profile2\" width=\"150\" height=\"150\" \/><\/a><\/strong><strong>Charles Clymer<\/strong> is a writer and social justice advocate based in Washington, D.C. His work has appeared in The Huffington Post, Mic News, and The New Civil Rights Movement. He has been quoted by The Boston Globe, The Guardian, CNN, Time, Newsweek, and several other websites and publications. He is a member of the LGBTQ community and a proud feminist.<\/p>\n<p>&nbsp;<\/p>\n<p><span class=\"Apple-style-span\"><strong><a href=\"https:\/\/www.katrinasdream.org\/wp-content\/uploads\/deirdre_menard.jpg\"><img loading=\"lazy\" decoding=\"async\" class=\" size-thumbnail wp-image-1003 alignleft\" src=\"https:\/\/www.katrinasdream.org\/wp-content\/uploads\/deirdre_menard-150x150.jpg\" alt=\"deirdre_menard\" width=\"150\" height=\"150\" srcset=\"https:\/\/www.katrinasdream.org\/wp-content\/uploads\/deirdre_menard-150x150.jpg 150w, https:\/\/www.katrinasdream.org\/wp-content\/uploads\/deirdre_menard.jpg 173w\" sizes=\"auto, (max-width: 150px) 100vw, 150px\" \/><\/a><\/strong><\/span><\/p>\n<p><strong><span class=\"Apple-style-span\">Deirdre Menard,\u00c2\u00a0<\/span><\/strong><span class=\"Apple-style-span\">director of\u00c2\u00a0<\/span><span class=\"Apple-style-span\"><a href=\"http:\/\/overy.org\/\" target=\"_blank\" rel=\"noopener\">overy.org<\/a>\u00c2\u00a0and\u00c2\u00a0<a href=\"http:\/\/gynreform.com\/\" target=\"_blank\" rel=\"noopener\">gynreform.com<\/a>, a grassroots movement dedicated to a Congressional hearing on a pervasive women&#8217;s health issue, has long been an advocate for women&#8217;s equality. Deirdre, a former tech executive in DC, gave up her work in tech in 2014 to dedicate herself to raising awareness about this issue, which is now before the FDA thanks to the assistance of Senator Mark Warner.\u00c2\u00a0Deirdre is a firm believer in the necessity of a constitutional amendment guaranteeing women&#8217;s equal protection under the law, and feels the need for her health advocacy would not exist were women afforded that protection today.<\/span><\/p>\n<p><strong><a href=\"https:\/\/www.katrinasdream.org\/wp-content\/uploads\/Delrose.jpg\"><img loading=\"lazy\" decoding=\"async\" class=\" size-thumbnail wp-image-1009 alignleft\" src=\"https:\/\/www.katrinasdream.org\/wp-content\/uploads\/Delrose-150x150.jpg\" alt=\"Delrose\" width=\"150\" height=\"150\" \/><\/a>Delrose Jackson <\/strong>is a student of Graphic Design Technology at Hagerstown Community College (HCC) in Maryland. She is a member of the HCC NOW Club and a supporter of United 4 Equality, LLC. She helped develop the website for the group. She is a permanent resident of the US and a citizen of Jamaica. Recently due to her efforts at least 6 representatives signed on to H.J. Res. 51 in support of removal of the deadline for the ERA. \u00c2\u00a0Delrose an accomplished singer and composershe will be performing her original composition <strong>The ERA Song<\/strong> to express her desire for all Americans to be treated eaul<\/p>\n<p><strong><a href=\"https:\/\/www.katrinasdream.org\/wp-content\/uploads\/11102891_10205032426944300_8180506638169424140_n.jpg\"><img loading=\"lazy\" decoding=\"async\" class=\" size-thumbnail wp-image-600 alignleft\" src=\"https:\/\/www.katrinasdream.org\/wp-content\/uploads\/11102891_10205032426944300_8180506638169424140_n-150x150.jpg\" alt=\"11102891_10205032426944300_8180506638169424140_n\" width=\"150\" height=\"150\" \/><\/a>Diana Danis\u00c2\u00a0<\/strong>serves as lead administrator and frequent contributor to the social media platforms of the award-winning documentary<a href=\"http:\/\/servicethefilm.com\/\" target=\"_blank\" rel=\"noopener\"> \u00e2\u20ac\u0153Service: When Women Come Marching Home.<\/a>\u00e2\u20ac\u009d \u00c2\u00a0Diana Danis was the first military woman writing and anchoring radio news on the American Forces Network, Europe in 1974. Danis highlighted the accomplishments of women in the military during her tenure.<\/p>\n<p>&nbsp;<\/p>\n<p><strong><a href=\"https:\/\/www.katrinasdream.org\/wp-content\/uploads\/faye.jpg\"><img loading=\"lazy\" decoding=\"async\" class=\" size-thumbnail wp-image-646 alignleft\" src=\"https:\/\/www.katrinasdream.org\/wp-content\/uploads\/faye-150x150.jpg\" alt=\"faye\" width=\"150\" height=\"150\" \/><\/a>E. Faye William<\/strong>s is\u00c2\u00a0National President\/CEO\u00c2\u00a0of the\u00c2\u00a0<strong><a href=\"http:\/\/nationalcongressbw.org\/\" target=\"_blank\" rel=\"noopener\">National Congress of Black Women<\/a><\/strong>\u00c2\u00a0and former Counsel to the U.S. Congress\u00e2\u20ac\u2122 District of Columbia Sub-Committee on the Judiciary and Education.\u00c2\u00a0 She is a former Professor of International Law at Southern University Law Center in Baton Rouge, LA.\u00c2\u00a0 She previously served as Legislative Counsel and Chief of Staff for a District of Columbia Councilmember.\u00c2\u00a0 She is a former teacher in the Los Angeles Unified Schools.\u00c2\u00a0 She is an appointee by President Barack Obama to the Presidential Scholars Commission.<\/p>\n<p><strong><a href=\"https:\/\/www.katrinasdream.org\/wp-content\/uploads\/10521792_10152816380820264_8034297559605882192_n.jpg\"><img loading=\"lazy\" decoding=\"async\" class=\" size-thumbnail wp-image-602 alignleft\" src=\"https:\/\/www.katrinasdream.org\/wp-content\/uploads\/10521792_10152816380820264_8034297559605882192_n-150x150.jpg\" alt=\"10521792_10152816380820264_8034297559605882192_n\" width=\"150\" height=\"150\" \/><\/a>Erin Eddy\u00c2\u00a0<\/strong>began her diplomatic career with the U.S. Department of State as a Foreign Service Officer in May 2004. She has won accolades for her work overseas and has served as Public Affairs Officer at U.S. Consulate General Jeddah, Saudi Arabia; Consular Officer at U.S. Embassy Tokyo, Japan; Public Diplomacy Officer at locations throughout Iraq and also U.S. Embassy Baghdad. Erin was recognized for her distinguished service \u00e2\u20ac\u0153outside the wire\u00e2\u20ac\u009d as a public diplomacy officer on a provincial reconstruction team (PRT) in Kirkuk, Iraq by Vice President Biden during his <a href=\"http:\/\/www.whitehouse.gov\/photos-and-video\/video\/2010\/09\/01\/change-command-end-combat-operations-ceremony?v=accessibility#transcript\">remarks<\/a> ending U.S. Combat Operations.<\/p>\n<p><a href=\"https:\/\/www.katrinasdream.org\/wp-content\/uploads\/165058_10200198335342233_1842283398_n.jpg\"><img loading=\"lazy\" decoding=\"async\" class=\"alignleft size-thumbnail wp-image-601\" src=\"https:\/\/www.katrinasdream.org\/wp-content\/uploads\/165058_10200198335342233_1842283398_n-150x150.jpg\" alt=\"165058_10200198335342233_1842283398_n\" width=\"150\" height=\"150\" srcset=\"https:\/\/www.katrinasdream.org\/wp-content\/uploads\/165058_10200198335342233_1842283398_n-150x150.jpg 150w, https:\/\/www.katrinasdream.org\/wp-content\/uploads\/165058_10200198335342233_1842283398_n-300x300.jpg 300w, https:\/\/www.katrinasdream.org\/wp-content\/uploads\/165058_10200198335342233_1842283398_n.jpg 353w\" sizes=\"auto, (max-width: 150px) 100vw, 150px\" \/><\/a><strong>Eileen Davis<\/strong>\u00c2\u00a0the\u00c2\u00a0co-founder of<strong> <a href=\"http:\/\/women-matter.org\/\" target=\"_blank\" rel=\"nofollow noopener\">Women-Matter.org<\/a><\/strong> , Richmond, Virginia, is focused on ratification of the Equal Rights Amendment in Virginia, (A currently unratified state). Women-Matter.org fights for constitutionally enshrined gender equality for all US women at both the state level and in Congress. \u00c2\u00a0 In early\u00c2\u00a02015, Ellie Smeal of Feminist Majority referred to the work of Women-Matter as the &#8220;Miracle in Virginia&#8221; \u00c2\u00a0stating &#8220;&#8230;beyond \u00c2\u00a0belief that the Virginia Senate voted to ratify the National ERA in February 2014&#8230;&#8221; .<\/p>\n<p><a href=\"https:\/\/www.katrinasdream.org\/wp-content\/uploads\/1915106_1182063522176_7209517_n-1.jpg\"><img loading=\"lazy\" decoding=\"async\" class=\" size-thumbnail wp-image-570 alignleft\" src=\"https:\/\/www.katrinasdream.org\/wp-content\/uploads\/1915106_1182063522176_7209517_n-1-150x150.jpg\" alt=\"1915106_1182063522176_7209517_n (1)\" width=\"150\" height=\"150\" \/><\/a><strong>Helene de Boissiere-Swanson<\/strong><span style=\"font-size: 1.6rem; line-height: 1.5;\">\u00c2\u00a0an Episcopalian and aspirant for the priesthood\u00c2\u00a0in the\u00c2\u00a0<\/span><span style=\"font-size: 1.6rem; line-height: 1.5;\">\u00c2\u00a0<\/span>Church of North India<span style=\"font-size: 1.6rem; line-height: 1.5;\">, co-founded <strong><a href=\"http:\/\/www.KatrinasDream.org\" target=\"_blank\" rel=\"noopener\">Katrina\u00e2\u20ac\u2122s Dream<\/a><\/strong>\u00c2\u00a0memory of her mother-in-law,\u00c2\u00a0<\/span><strong><a style=\"font-size: 1.6rem; line-height: 1.5;\" href=\"http:\/\/oasis.lib.harvard.edu\/oasis\/deliver\/~sch01277\" target=\"_blank\" rel=\"noopener\">Rev. Katrina Martha van Alstyne Welles Swanson<\/a><\/strong><span style=\"font-size: 1.6rem; line-height: 1.5;\"><strong>.<\/strong> \u00c2\u00a0Helene\u00c2\u00a0left from the Golden Gate Bridge in San Francisco on March 8th 2014, \u00c2\u00a0on a one-year+ pilgrimage to promote the passage of the ERA. \u00c2\u00a0Helene\u00c2\u00a0worked for the well-known international lawyer<\/span><span style=\"font-size: 1.6rem; line-height: 1.5;\">\u00c2\u00a0<\/span>Melvin M. Belli<span style=\"font-size: 1.6rem; line-height: 1.5;\">\u00c2\u00a0as well \u00c2\u00a0the Marin County Public Defender\u00e2\u20ac\u2122s Office. \u00c2\u00a0Helene is mother of two feminist men, Bobby and Harry.<\/span><\/p>\n<p><strong><a href=\"https:\/\/www.katrinasdream.org\/wp-content\/uploads\/1752_46201827469_1431_n.jpg\"><img loading=\"lazy\" decoding=\"async\" class=\" size-thumbnail wp-image-603 alignleft\" src=\"https:\/\/www.katrinasdream.org\/wp-content\/uploads\/1752_46201827469_1431_n-150x150.jpg\" alt=\"1752_46201827469_1431_n\" width=\"150\" height=\"150\" \/><\/a>Jacqueline Nantier-Hopewell<\/strong>\u00c2\u00a0started her activism in middle school in 1969 when she challenged the school principal on the policy against girls wearing pants. After many years of working in the legal field helping women collect their past due child support, she became involved fighting the war against women. She has served in many capacities organizing rallies and helping to get the ERA passed. She is a lead coordinator in charge of fundraising for <strong><a href=\"http:\/\/www.wearewoman.us\/\" target=\"_blank\" rel=\"noopener\">We Are Woman<\/a>. \u00c2\u00a0<\/strong><\/p>\n<p><strong><a href=\"https:\/\/www.katrinasdream.org\/wp-content\/uploads\/1930116_214082700533_1375932_n.jpg\"><img loading=\"lazy\" decoding=\"async\" class=\" size-thumbnail wp-image-598 alignleft\" src=\"https:\/\/www.katrinasdream.org\/wp-content\/uploads\/1930116_214082700533_1375932_n-150x150.jpg\" alt=\"1930116_214082700533_1375932_n\" width=\"150\" height=\"150\" \/><\/a><\/strong><strong>Joe Morris Doss<\/strong>\u00c2\u00a0is the President of\u00c2\u00a0<strong><a href=\"http:\/\/atthethreshold.org\/\" target=\"_blank\" rel=\"noopener\">At the Threshold,<\/a><\/strong>\u00c2\u00a0an international and ecumenical organization fostering the transformation of the Christian Church. Bishop Doss served parishes in Louisiana and California as an Episcopal priest, and the Diocese of New Jersey as Bishop. An attorney with a background in civil rights, he enjoys a national reputation in and out of the church, primarily as an advocate for justice, and in particular as a champion of minorities, women, and children.<\/p>\n<p><strong><a href=\"https:\/\/www.katrinasdream.org\/wp-content\/uploads\/JOSH.jpg\"><img loading=\"lazy\" decoding=\"async\" class=\"alignleft size-thumbnail wp-image-612\" src=\"https:\/\/www.katrinasdream.org\/wp-content\/uploads\/JOSH-150x150.jpg\" alt=\"JOSH\" width=\"150\" height=\"150\" \/><\/a><\/strong><strong>Josh Levs\u00c2\u00a0<\/strong>is an investigative journalist, expert on issues facing modern families and author of the new book<strong><a href=\"http:\/\/joshlevs.com\/\" target=\"_blank\" rel=\"noopener\"> All In: How Our Work-first Culture Fails Dads, Families, and Businesses&#8211;and How we Can Fix It Together<\/a>.<\/strong>\u00c2\u00a0 \u00c2\u00a0 After 20 years of reporting for NPR and CNN, Levs &#8212; a father of three &#8212; focuses his book on dispelling myths about today\u00e2\u20ac\u2122s dads and moms, and explaining the necessity of new policies to ensure true gender equality. \u00c2\u00a0<em>All In<\/em> shows that men have just as much to gain from these changes.<\/p>\n<p><strong><a href=\"https:\/\/www.katrinasdream.org\/wp-content\/uploads\/JozWang-Headshot.jpg\"><img loading=\"lazy\" decoding=\"async\" class=\" size-thumbnail wp-image-665 alignleft\" src=\"https:\/\/www.katrinasdream.org\/wp-content\/uploads\/JozWang-Headshot-150x150.jpg\" alt=\"JozWang-Headshot\" width=\"150\" height=\"150\" \/><\/a>Jocelyn \u00e2\u20ac\u0153Joz\u00e2\u20ac\u009d Wang<\/strong> is a digital entrepreneur creating spaces for under-represented voices, she is Editor-in-chief\/CEO of the popular collaborative online publication <a href=\"http:\/\/www.8Asians.com\">8Asians.com<\/a>, which features original, diverse commentary by Asians from around the world. She is also a contributor to <a href=\"http:\/\/blogging.LA\">blogging.LA<\/a>, flagship site of the <a href=\"http:\/\/www.metblogs.com\/\">Metblogs Network<\/a>. In 2011, she acquired Metblogs and now runs the entire international network\u00e2\u20ac\u201dconsisting of over 50 sites worldwide\u00e2\u20ac\u201d as its Publisher\/CEO. \u00c2\u00a0Joz was nominated in 2013 for the Women\u00e2\u20ac\u2122s Media Center Social Media Award.<\/p>\n<p><strong><span class=\"il\"><a href=\"https:\/\/www.katrinasdream.org\/wp-content\/uploads\/1501036_10152519055404744_7051760714762255023_o.jpg\"><img loading=\"lazy\" decoding=\"async\" class=\" size-thumbnail wp-image-604 alignleft\" src=\"https:\/\/www.katrinasdream.org\/wp-content\/uploads\/1501036_10152519055404744_7051760714762255023_o-150x150.jpg\" alt=\"1501036_10152519055404744_7051760714762255023_o\" width=\"150\" height=\"150\" \/><\/a>Karen<\/span>\u00c2\u00a0<span class=\"il\">Teegarden<\/span>\u00c2\u00a0<\/strong>is President and CEO of <a href=\"http:\/\/www.unitedwomen.org\" target=\"_blank\" rel=\"noopener\"><strong>UniteWomen.org<\/strong> <\/a>and UniteWomen.org ACTION. \u00c2\u00a0Karen\u00c2\u00a0manages UniteWomen.org\u00e2\u20ac\u2122s broad range of issues which include advancing reproductive freedom, promoting diversity and ending racism, ensuring economic justice, winning LGBTQ rights, stopping violence against women, Unite Against Rape, protecting our environment, voting rights, and achieving full equality for women in our Constitution.<\/p>\n<p><strong><a href=\"https:\/\/www.katrinasdream.org\/wp-content\/uploads\/LInda.jpg\"><img loading=\"lazy\" decoding=\"async\" class=\" size-thumbnail wp-image-605 alignleft\" src=\"https:\/\/www.katrinasdream.org\/wp-content\/uploads\/LInda-150x150.jpg\" alt=\"LInda\" width=\"150\" height=\"150\" \/><\/a><\/strong><strong>Linda Miklowitz\u00c2\u00a0<\/strong>has been working for the ERA since 1981 when she switched careers from journalism to law and moved to Tallahassee. She is a former president of FL NOW and Tallahassee NOW and FL Coordinator of <strong><a href=\"http:\/\/www.united4equality.com\/state-contacts\" target=\"_blank\" rel=\"noopener\">United4Equality, Inc<\/a><\/strong>. \u00c2\u00a0\u00c2\u00a0Linda is determined to see ratification in her lifetime and those of her son and daughter, both of whom need a guarantee of equal protection on the basis of sex.<\/p>\n<p>&nbsp;<\/p>\n<p><strong><a href=\"https:\/\/www.katrinasdream.org\/wp-content\/uploads\/Paula1.jpg\"><img loading=\"lazy\" decoding=\"async\" class=\" size-thumbnail wp-image-610 alignleft\" src=\"https:\/\/www.katrinasdream.org\/wp-content\/uploads\/Paula1-150x150.jpg\" alt=\"Paula\" width=\"150\" height=\"150\" \/><\/a><\/strong><strong>Paula J. Caplan<\/strong> is a clinical and research psychologist, <strong><a href=\"http:\/\/www.paulajcaplan.net\/\" target=\"_blank\" rel=\"noopener\">author of books<\/a><\/strong> and plays, playwright, actor, director, and activist. She\u00c2\u00a0received her A.B. with honors from Radcliffe College of Harvard University, and received her M.A. and Ph.D. in psychology from Duke University. \u00c2\u00a0Currently an Associate at the DuBois Institute, Harvard University, a former Fellow at the Women and Public Policy Program of the Kennedy School of Government at Harvard; a Lecturer in Harvard&#8217;s Program on Women, Gender, and Sexuality and in the Psychology Department.<\/p>\n<p><strong><a href=\"https:\/\/www.katrinasdream.org\/wp-content\/uploads\/FullSizeRender.jpg\"><img loading=\"lazy\" decoding=\"async\" class=\" size-thumbnail wp-image-617 alignleft\" src=\"https:\/\/www.katrinasdream.org\/wp-content\/uploads\/FullSizeRender-150x150.jpg\" alt=\"FullSizeRender\" width=\"150\" height=\"150\" \/><\/a><\/strong><strong>Sarah Kurtz <\/strong>is a mother of two children, a business Lawyer, a film producer and an activist for women and children&#8217;s rights. She was invited to speak about parental abduction at a congressional briefing organized by the office of Sheila Jackson Lee. She then launched <strong><a href=\"http:\/\/www.protectivemoms.net\" target=\"_blank\" rel=\"noopener\">ProtectiveMoms<\/a>\u00a0<\/strong>to demand Congress to rectify the Law about mothers and children rights. Children need their mothers to get them a voice. Sarah is speaking about the injustice mothers are encountering in the judicial system. Mothers are jailed and silenced for protecting their children from their abusers.<\/p>\n<p><strong><a href=\"https:\/\/www.katrinasdream.org\/wp-content\/uploads\/Sandy.jpg\"><img loading=\"lazy\" decoding=\"async\" class=\"alignleft size-thumbnail wp-image-606\" src=\"https:\/\/www.katrinasdream.org\/wp-content\/uploads\/Sandy-150x150.jpg\" alt=\"Sandy\" width=\"150\" height=\"150\" \/><\/a>Sandy Oestreich<\/strong> founder-president of <a href=\"http:\/\/2passera.org\/\" target=\"_blank\" rel=\"noopener\"><strong>National Equal Rights Alliance Inc<\/strong>,<\/a> and ERA Education Inc. is a\u00c2 Professor\u00a0 Emerita at Adelphi U., NY, nurse practitioner, and a former elected official. \u00c2 She has co-authored\u00c2 internationally distributed pharmacology reference texts. \u00c2 Biographed in Feminists Who Changed America, the\u00c2 2014 Recipient, \u00c2 AAUW\/FL &#8220;Woman of Distinction&#8221;\u00c2 2012 Recipient, County LWVoters Susan B. Anthony &#8220;Failure is Impossible&#8221; award. \u00c2 Wife and mom\u00c2 .<\/p>\n<p><strong><a href=\"https:\/\/www.katrinasdream.org\/wp-content\/uploads\/Taylar.jpg\"><img loading=\"lazy\" decoding=\"async\" class=\" size-thumbnail wp-image-1008 alignleft\" src=\"https:\/\/www.katrinasdream.org\/wp-content\/uploads\/Taylar-150x150.jpg\" alt=\"Taylar\" width=\"150\" height=\"150\" \/><\/a>Taylar Nuevelle<\/strong>\u00c2\u00a0currently works as a member of the Jail and Prisons Advocacy Project team at\u00c2\u00a0<strong><a href=\"https:\/\/www.google.com\/url?sa=t&amp;rct=j&amp;q=&amp;esrc=s&amp;source=web&amp;cd=1&amp;cad=rja&amp;uact=8&amp;ved=0CCQQFjAAahUKEwjr6qPSmIHHAhXKHT4KHbYsC5g&amp;url=http:\/\/www.uls-dc.org\/&amp;ei=Rzm5VaurNcq7-AG22azhttp:\/\/www.uls-dc.org\/\">University Legal Services<\/a><\/strong>\u00c2\u00a0where she assists with the Women&#8217;s Resiliency and Reentry\u00c2\u00a0Project.\u00c2\u00a0 This project\u00c2\u00a0provides\u00c2\u00a0assistance to females returning from the Federal Bureau of Prisons, DC Department of Corrections, or residing at the Fairview Halfway House who struggle with mental illness apply for SSI\/SSDI benefits.\u00c2\u00a0\u00c2\u00a0While incarcerated at the Corrections Corporation of America (CCA\/CTF) DC, and in the Federal Bureau of Prisons, from 2010 to 2015, Ms. Nuevelle volunteered by\u00c2\u00a0providing legal advocacy for fellow incarcerated women. She\u00c2\u00a0is a trauma survivor and an advocate for incarcerated and\u00c2\u00a0returning female\u00c2\u00a0citizens.\u00c2\u00a0 Ms. Nuevelle is a writer and holds a BA in Literature.<\/p>\n","protected":false},"excerpt":{"rendered":"<p>Alli McCracken is a National CODEPINK Coordinator based in the Washington D.C. office. \u00c2\u00a0McCracken aids political activists in engaging with the government on many different levels, helping to create petitions, start e-mail and phone initiatives and establish social justice conferences. &#8220;We are constantly challenging the dialogue on these issues,&#8221; says McCracken. &#8220;We are helping other&#8230;<br \/><a href=\"https:\/\/www.katrinasdream.org\/dreamscape\/1st-21st-century-church\/lets-pass-the-era-3\/past-event\/dc-era-blessing-walk-and-rally\/rally-speakers\/\">Read more <span class=\"meta-nav\">&rarr;<\/span><\/a><\/p>\n","protected":false},"author":7,"featured_media":637,"parent":587,"menu_order":3,"comment_status":"open","ping_status":"open","template":"","meta":{"_exactmetrics_skip_tracking":false,"_exactmetrics_sitenote_active":false,"_exactmetrics_sitenote_note":"","_exactmetrics_sitenote_category":0,"footnotes":""},"class_list":["post-588","page","type-page","status-publish","has-post-thumbnail","hentry"],"_links":{"self":[{"href":"https:\/\/www.katrinasdream.org\/dreamscape\/wp-json\/wp\/v2\/pages\/588","targetHints":{"allow":["GET"]}}],"collection":[{"href":"https:\/\/www.katrinasdream.org\/dreamscape\/wp-json\/wp\/v2\/pages"}],"about":[{"href":"https:\/\/www.katrinasdream.org\/dreamscape\/wp-json\/wp\/v2\/types\/page"}],"author":[{"embeddable":true,"href":"https:\/\/www.katrinasdream.org\/dreamscape\/wp-json\/wp\/v2\/users\/7"}],"replies":[{"embeddable":true,"href":"https:\/\/www.katrinasdream.org\/dreamscape\/wp-json\/wp\/v2\/comments?post=588"}],"version-history":[{"count":2,"href":"https:\/\/www.katrinasdream.org\/dreamscape\/wp-json\/wp\/v2\/pages\/588\/revisions"}],"predecessor-version":[{"id":2478,"href":"https:\/\/www.katrinasdream.org\/dreamscape\/wp-json\/wp\/v2\/pages\/588\/revisions\/2478"}],"up":[{"embeddable":true,"href":"https:\/\/www.katrinasdream.org\/dreamscape\/wp-json\/wp\/v2\/pages\/587"}],"wp:featuredmedia":[{"embeddable":true,"href":"https:\/\/www.katrinasdream.org\/dreamscape\/wp-json\/wp\/v2\/media\/637"}],"wp:attachment":[{"href":"https:\/\/www.katrinasdream.org\/dreamscape\/wp-json\/wp\/v2\/media?parent=588"}],"curies":[{"name":"wp","href":"https:\/\/api.w.org\/{rel}","templated":true}]}}